{"id":31,"date":"2022-04-23T00:27:44","date_gmt":"2022-04-23T03:27:44","guid":{"rendered":"https:\/\/visionsharetecnologia.com.br\/?page_id=31"},"modified":"2025-07-19T16:14:12","modified_gmt":"2025-07-19T19:14:12","slug":"contato","status":"publish","type":"page","link":"https:\/\/visionsharetecnologia.com.br\/index.php\/contato\/","title":{"rendered":"Contato"},"content":{"rendered":"<p><div class=\"et_d4_element et_pb_section et_pb_section_0 et_animated et_pb_with_background  et_pb_css_mix_blend_mode et_section_regular et_block_section\" >\n\t\t\t\t\n\t\t\t\t\n\t\t\t\t\n\t\t\t\t\n\t\t\t\t\n\t\t\t\t\n\t\t\t\t<div class=\"et_d4_element et_pb_row et_pb_row_0  et_pb_css_mix_blend_mode et_block_row\">\n\t\t\t\t<div class=\"et_d4_element et_pb_column_4_4 et_pb_column et_pb_column_0  et_pb_css_mix_blend_mode et-last-child et_block_column\">\n\t\t\t\t\n\t\t\t\t\n\t\t\t\t\n\t\t\t\t\n\t\t\t\t<div class=\"et_pb_module et_d4_element et_pb_text et_pb_text_0  et_pb_text_align_center et_pb_bg_layout_light\">\n\t\t\t\t\n\t\t\t\t\n\t\t\t\t\n\t\t\t\t\n\t\t\t\t<div class=\"et_pb_text_inner\"><h1>Formul\u00e1rio de contato<\/h1>\n<p>Conte conosco para tirar suas d\u00favidas, resolver suas quest\u00f5es e te dar aquele aux\u00edlio.<\/p>\n<p>Preencha seu nome, endere\u00e7o de e-mail e descreva sua necessidade.<\/p><\/div>\n\t\t\t<\/div><div class=\"et_pb_module et_d4_element et_pb_code et_pb_code_0  et_pb_text_align_center\">\n\t\t\t\t\n\t\t\t\t\n\t\t\t\t\n\t\t\t\t\n\t\t\t\t<div class=\"et_pb_code_inner\"><div class=\"pipedriveWebForms\" data-pd-webforms=\"https:\/\/webforms.pipedrive.com\/f\/1sSuGRirR1lEJgMB58mocQ67xB9ZjXug3pGczBW914ZO9aqxn4FhcxcqI9Kgceeor\"><script src=\"https:\/\/webforms.pipedrive.com\/f\/loader\"><\/script><\/div><\/div>\n\t\t\t<\/div>\n\t\t\t<\/div>\n\t\t\t\t\n\t\t\t\t\n\t\t\t\t\n\t\t\t\t\n\t\t\t<\/div>\n\t\t\t\t\n\t\t\t\t\n\t\t\t<\/div><div class=\"et_d4_element et_pb_section et_pb_section_1 et_pb_with_background  et_pb_css_mix_blend_mode et_section_regular et_block_section\" >\n\t\t\t\t\n\t\t\t\t\n\t\t\t\t\n\t\t\t\t\n\t\t\t\t\n\t\t\t\t\n\t\t\t\t<div class=\"et_d4_element et_pb_row et_pb_row_1  et_pb_css_mix_blend_mode et_block_row\">\n\t\t\t\t<div class=\"et_d4_element et_pb_column_1_3 et_pb_column et_pb_column_1  et_pb_css_mix_blend_mode et_block_column et_pb_column_empty\">\n\t\t\t\t\n\t\t\t\t\n\t\t\t\t\n\t\t\t\t\n\t\t\t\t\n\t\t\t<\/div><div class=\"et_d4_element et_pb_column_1_3 et_pb_column et_pb_column_2  et_pb_css_mix_blend_mode et_block_column\">\n\t\t\t\t\n\t\t\t\t\n\t\t\t\t\n\t\t\t\t\n\t\t\t\t<ul class=\"et_pb_module et_d4_element et_pb_social_media_follow et_pb_social_media_follow_0 clearfix  et_pb_text_align_center et_pb_bg_layout_light\">\n\t\t\t\t\n\t\t\t\t\n\t\t\t\t\n\t\t\t\t\n\t\t\t\t<li\n            class='et_d4_element et_pb_social_media_follow_network_0 et_pb_social_icon et_pb_social_network_link  et-social-facebook'><a\n              href='https:\/\/www.facebook.com\/visionsharetecnologia'\n              class='icon et_pb_with_border'\n              title='Seguir no Facebook'\n               target=\"_blank\"><span\n                class='et_pb_social_media_follow_network_name'\n                aria-hidden='true'\n                >Seguir<\/span><\/a><\/li><li\n            class='et_d4_element et_pb_social_media_follow_network_1 et_pb_social_icon et_pb_social_network_link  et-social-twitter'><a\n              href='https:\/\/twitter.com\/VisionShare_Tec'\n              class='icon et_pb_with_border'\n              title='Seguir no X'\n               target=\"_blank\"><span\n                class='et_pb_social_media_follow_network_name'\n                aria-hidden='true'\n                >Seguir<\/span><\/a><\/li><li\n            class='et_d4_element et_pb_social_media_follow_network_2 et_pb_social_icon et_pb_social_network_link  et-social-instagram'><a\n              href='https:\/\/www.instagram.com\/visionsharetecnologia'\n              class='icon et_pb_with_border'\n              title='Seguir no Instagram'\n               target=\"_blank\"><span\n                class='et_pb_social_media_follow_network_name'\n                aria-hidden='true'\n                >Seguir<\/span><\/a><\/li><li\n            class='et_d4_element et_pb_social_media_follow_network_3 et_pb_social_icon et_pb_social_network_link  et-social-linkedin'><a\n              href='https:\/\/linkedin.com\/company\/visionshare'\n              class='icon et_pb_with_border'\n              title='Seguir no LinkedIn'\n               target=\"_blank\"><span\n                class='et_pb_social_media_follow_network_name'\n                aria-hidden='true'\n                >Seguir<\/span><\/a><\/li><li\n            class='et_d4_element et_pb_social_media_follow_network_4 et_pb_social_icon et_pb_social_network_link  et-social-pinterest'><a\n              href='https:\/\/br.pinterest.com\/visionsharetecnologia'\n              class='icon et_pb_with_border'\n              title='Seguir no Pinterest'\n               target=\"_blank\"><span\n                class='et_pb_social_media_follow_network_name'\n                aria-hidden='true'\n                >Seguir<\/span><\/a><\/li><li\n            class='et_d4_element et_pb_social_media_follow_network_5 et_pb_social_icon et_pb_social_network_link  et-social-whatsapp et-pb-social-fa-icon'><a\n              href='https:\/\/api.whatsapp.com\/send?phone=5511992864179&#038;text=Ol%C3%A1!%20Gostaria%20de%20um%20contato%2C%20estou%20vindo%20da%20p%C3%A1gina%20de%20contato%20do%20site'\n              class='icon et_pb_with_border'\n              title='Seguir no WhatsApp'\n               target=\"_blank\"><span\n                class='et_pb_social_media_follow_network_name'\n                aria-hidden='true'\n                >Seguir<\/span><\/a><\/li><li\n            class='et_d4_element et_pb_social_media_follow_network_6 et_pb_social_icon et_pb_social_network_link  et-social-youtube'><a\n              href='https:\/\/www.youtube.com\/channel\/UCIqGh0db0fufgm1RSJA6gKw'\n              class='icon et_pb_with_border'\n              title='Seguir no Youtube'\n               target=\"_blank\"><span\n                class='et_pb_social_media_follow_network_name'\n                aria-hidden='true'\n                >Seguir<\/span><\/a><\/li>\n\t\t\t<\/ul>\n\t\t\t<\/div><div class=\"et_d4_element et_pb_column_1_3 et_pb_column et_pb_column_3  et_pb_css_mix_blend_mode et-last-child et_block_column et_pb_column_empty\">\n\t\t\t\t\n\t\t\t\t\n\t\t\t\t\n\t\t\t\t\n\t\t\t\t\n\t\t\t<\/div>\n\t\t\t\t\n\t\t\t\t\n\t\t\t\t\n\t\t\t\t\n\t\t\t<\/div>\n\t\t\t\t\n\t\t\t\t\n\t\t\t<\/div><\/p>\n<span class=\"et_bloom_bottom_trigger\"><\/span>","protected":false},"excerpt":{"rendered":"","protected":false},"author":1,"featured_media":0,"parent":0,"menu_order":0,"comment_status":"closed","ping_status":"closed","template":"","meta":{"om_disable_all_campaigns":false,"_monsterinsights_skip_tracking":false,"_monsterinsights_sitenote_active":false,"_monsterinsights_sitenote_note":"","_monsterinsights_sitenote_category":0,"_et_pb_use_builder":"on","_et_pb_old_content":"","_et_gb_content_width":"","footnotes":""},"class_list":["post-31","page","type-page","status-publish","hentry"],"aioseo_notices":[],"_links":{"self":[{"href":"https:\/\/visionsharetecnologia.com.br\/index.php\/wp-json\/wp\/v2\/pages\/31","targetHints":{"allow":["GET"]}}],"collection":[{"href":"https:\/\/visionsharetecnologia.com.br\/index.php\/wp-json\/wp\/v2\/pages"}],"about":[{"href":"https:\/\/visionsharetecnologia.com.br\/index.php\/wp-json\/wp\/v2\/types\/page"}],"author":[{"embeddable":true,"href":"https:\/\/visionsharetecnologia.com.br\/index.php\/wp-json\/wp\/v2\/users\/1"}],"replies":[{"embeddable":true,"href":"https:\/\/visionsharetecnologia.com.br\/index.php\/wp-json\/wp\/v2\/comments?post=31"}],"version-history":[{"count":32,"href":"https:\/\/visionsharetecnologia.com.br\/index.php\/wp-json\/wp\/v2\/pages\/31\/revisions"}],"predecessor-version":[{"id":336,"href":"https:\/\/visionsharetecnologia.com.br\/index.php\/wp-json\/wp\/v2\/pages\/31\/revisions\/336"}],"wp:attachment":[{"href":"https:\/\/visionsharetecnologia.com.br\/index.php\/wp-json\/wp\/v2\/media?parent=31"}],"curies":[{"name":"wp","href":"https:\/\/api.w.org\/{rel}","templated":true}]}}